{"id":8333,"date":"2023-04-14T07:10:49","date_gmt":"2023-04-14T07:10:49","guid":{"rendered":"https:\/\/www.valenciaculinaryfestival.es\/programacion-valencia-culinary-2023\/"},"modified":"2024-05-01T12:10:25","modified_gmt":"2024-05-01T12:10:25","slug":"programme-culinaire-de-valence-2024","status":"publish","type":"page","link":"https:\/\/www.valenciaculinaryfestival.es\/fr\/programme-culinaire-de-valence-2024\/","title":{"rendered":"Programme culinaire de Valence 2024"},"content":{"rendered":"<p>[et_pb_section fb_built=\u00a0\u00bb1&Prime; disabled_on=\u00a0\u00bbon|on|off\u00a0\u00bb _builder_version=\u00a0\u00bb4.17.0&Prime; _module_preset=\u00a0\u00bbdefault\u00a0\u00bb background_enable_color=\u00a0\u00bboff\u00a0\u00bb background_image=\u00a0\u00bbhttps:\/\/www.valenciaculinaryfestival.es\/wp-content\/uploads\/slide-restaurantes.jpg\u00a0\u00bb background_position=\u00a0\u00bbbottom_left\u00a0\u00bb background_horizontal_offset=\u00a0\u00bb63%\u00a0\u00bb background_vertical_offset=\u00a0\u00bb22%\u00a0\u00bb background_blend=\u00a0\u00bbmultiply\u00a0\u00bb min_height=\u00a0\u00bb458.8px\u00a0\u00bb custom_margin=\u00a0\u00bb-250px||||false|false\u00a0\u00bb custom_padding=\u00a0\u00bb0px||2px||false|false\u00a0\u00bb global_colors_info=\u00a0\u00bb{}\u00a0\u00bb][et_pb_row column_structure=\u00a0\u00bb1_2,1_2&Prime; disabled_on=\u00a0\u00bbon|on|off\u00a0\u00bb _builder_version=\u00a0\u00bb4.17.0&Prime; _module_preset=\u00a0\u00bbdefault\u00a0\u00bb custom_margin=\u00a0\u00bb0px||0px||false|false\u00a0\u00bb custom_padding=\u00a0\u00bb||0px||false|false\u00a0\u00bb global_colors_info=\u00a0\u00bb{}\u00a0\u00bb][et_pb_column type=\u00a0\u00bb1_2&Prime; _builder_version=\u00a0\u00bb4.17.0&Prime; _module_preset=\u00a0\u00bbdefault\u00a0\u00bb custom_padding=\u00a0\u00bb300px||||false|false\u00a0\u00bb global_colors_info=\u00a0\u00bb{}\u00a0\u00bb][et_pb_text _builder_version=\u00a0\u00bb4.17.0&Prime; _module_preset=\u00a0\u00bbdefault\u00a0\u00bb text_font=\u00a0\u00bbQuestrial||||||||\u00a0\u00bb header_font=\u00a0\u00bbQuestrial||||||||\u00a0\u00bb header_text_color=\u00a0\u00bb#000000&Prime; header_2_font=\u00a0\u00bbQuestrial|700|||||||\u00a0\u00bb header_2_text_color=\u00a0\u00bb#FFFFFF\u00a0\u00bb header_2_font_size=\u00a0\u00bb36px\u00a0\u00bb header_2_letter_spacing=\u00a0\u00bb-0.02em\u00a0\u00bb header_2_line_height=\u00a0\u00bb1.2em\u00a0\u00bb custom_margin=\u00a0\u00bb46px||10px||false|false\u00a0\u00bb custom_padding=\u00a0\u00bb||||false|false\u00a0\u00bb header_2_font_size_tablet=\u00a0\u00bb32px\u00a0\u00bb header_2_font_size_phone=\u00a0\u00bb20px\u00a0\u00bb header_2_font_size_last_edited=\u00a0\u00bbon|phone\u00a0\u00bb locked=\u00a0\u00bboff\u00a0\u00bb global_colors_info=\u00a0\u00bb{}\u00a0\u00bb]<\/p>\n<h2><span>PROGRAMME<br \/>\nVALENCE CULINAIRE<br \/>\nFESTIVAL 2024<\/span><span><\/span><\/h2>\n<p><span><\/span>[\/et_pb_text][et_pb_text _builder_version=\u00a0\u00bb4.17.0&Prime; _module_preset=\u00a0\u00bbdefault\u00a0\u00bb text_font=\u00a0\u00bbQuestrial||||||||\u00a0\u00bb header_font=\u00a0\u00bbQuestrial||||||||\u00a0\u00bb header_text_color=\u00a0\u00bb#000000&Prime; header_2_font=\u00a0\u00bbQuestrial||||||||\u00a0\u00bb header_2_text_color=\u00a0\u00bb#FFFFFF\u00a0\u00bb header_2_font_size=\u00a0\u00bb36px\u00a0\u00bb header_2_letter_spacing=\u00a0\u00bb-0.02em\u00a0\u00bb header_2_line_height=\u00a0\u00bb1.2em\u00a0\u00bb header_3_font=\u00a0\u00bbQuestrial||||||||\u00a0\u00bb header_3_text_color=\u00a0\u00bb#FFFFFF\u00a0\u00bb header_3_font_size=\u00a0\u00bb28px\u00a0\u00bb custom_margin=\u00a0\u00bb30px||10px||false|false\u00a0\u00bb custom_padding=\u00a0\u00bb||||false|false\u00a0\u00bb header_2_font_size_tablet=\u00a0\u00bb32px\u00a0\u00bb header_2_font_size_phone=\u00a0\u00bb20px\u00a0\u00bb header_2_font_size_last_edited=\u00a0\u00bbon|phone\u00a0\u00bb locked=\u00a0\u00bboff\u00a0\u00bb global_colors_info=\u00a0\u00bb{}\u00a0\u00bb]<\/p>\n<h3><span>Si vous voulez transformer votre curiosit\u00e9 en plaisir, d\u00e9fier vos sens et partager votre passion pour le bon go\u00fbt, ce mouvement est le v\u00f4tre.<\/span><\/h3>\n<p>[\/et_pb_text][\/et_pb_column][et_pb_column type=\u00a0\u00bb1_2&Prime; _builder_version=\u00a0\u00bb4.17.0&Prime; _module_preset=\u00a0\u00bbdefault\u00a0\u00bb custom_padding=\u00a0\u00bb300px||||false|false\u00a0\u00bb global_colors_info=\u00a0\u00bb{}\u00a0\u00bb][\/et_pb_column][\/et_pb_row][\/et_pb_section][et_pb_section fb_built=\u00a0\u00bb1&Prime; disabled_on=\u00a0\u00bboff|off|on\u00a0\u00bb _builder_version=\u00a0\u00bb4.17.0&Prime; _module_preset=\u00a0\u00bbdefault\u00a0\u00bb background_color=\u00a0\u00bb#0C71C3&Prime; custom_padding=\u00a0\u00bb0px||0px|||\u00a0\u00bb global_colors_info=\u00a0\u00bb{}\u00a0\u00bb][et_pb_row column_structure=\u00a0\u00bb1_2,1_2&Prime; _builder_version=\u00a0\u00bb4.17.0&Prime; _module_preset=\u00a0\u00bbdefault\u00a0\u00bb custom_margin=\u00a0\u00bb23px|auto||auto||\u00a0\u00bb custom_padding=\u00a0\u00bb||0px|||\u00a0\u00bb global_colors_info=\u00a0\u00bb{}\u00a0\u00bb][et_pb_column type=\u00a0\u00bb1_2&Prime; _builder_version=\u00a0\u00bb4.17.0&Prime; _module_preset=\u00a0\u00bbdefault\u00a0\u00bb global_colors_info=\u00a0\u00bb{}\u00a0\u00bb][et_pb_text _builder_version=\u00a0\u00bb4.17.0&Prime; _module_preset=\u00a0\u00bbdefault\u00a0\u00bb text_font=\u00a0\u00bbQuestrial||||||||\u00a0\u00bb header_font=\u00a0\u00bbQuestrial||||||||\u00a0\u00bb header_text_color=\u00a0\u00bb#000000&Prime; header_2_font=\u00a0\u00bbQuestrial|700|||||||\u00a0\u00bb header_2_text_color=\u00a0\u00bb#FFFFFF\u00a0\u00bb header_2_font_size=\u00a0\u00bb36px\u00a0\u00bb header_2_letter_spacing=\u00a0\u00bb-0.02em\u00a0\u00bb header_2_line_height=\u00a0\u00bb1.2em\u00a0\u00bb custom_margin=\u00a0\u00bb0px||10px||false|false\u00a0\u00bb custom_padding=\u00a0\u00bb||||false|false\u00a0\u00bb hover_enabled=\u00a0\u00bb0&Prime; header_2_font_size_tablet=\u00a0\u00bb32px\u00a0\u00bb header_2_font_size_phone=\u00a0\u00bb20px\u00a0\u00bb header_2_font_size_last_edited=\u00a0\u00bbon|phone\u00a0\u00bb locked=\u00a0\u00bboff\u00a0\u00bb global_colors_info=\u00a0\u00bb{}\u00a0\u00bb sticky_enabled=\u00a0\u00bb0&Prime;]<\/p>\n<h2><span>PROGRAMME<br \/>\nVALENCE CULINAIRE<br \/>\nFESTIVAL 2024<\/span><span><\/span><\/h2>\n<p><span><\/span>[\/et_pb_text][et_pb_text _builder_version=\u00a0\u00bb4.17.0&Prime; _module_preset=\u00a0\u00bbdefault\u00a0\u00bb text_font=\u00a0\u00bbQuestrial||||||||\u00a0\u00bb header_font=\u00a0\u00bbQuestrial||||||||\u00a0\u00bb header_text_color=\u00a0\u00bb#000000&Prime; header_2_font=\u00a0\u00bbQuestrial||||||||\u00a0\u00bb header_2_text_color=\u00a0\u00bb#FFFFFF\u00a0\u00bb header_2_font_size=\u00a0\u00bb36px\u00a0\u00bb header_2_letter_spacing=\u00a0\u00bb-0.02em\u00a0\u00bb header_2_line_height=\u00a0\u00bb1.2em\u00a0\u00bb header_3_font=\u00a0\u00bbQuestrial||||||||\u00a0\u00bb header_3_text_color=\u00a0\u00bb#FFFFFF\u00a0\u00bb header_3_font_size=\u00a0\u00bb28px\u00a0\u00bb custom_margin=\u00a0\u00bb30px||10px||false|false\u00a0\u00bb custom_padding=\u00a0\u00bb||||false|false\u00a0\u00bb header_2_font_size_tablet=\u00a0\u00bb32px\u00a0\u00bb header_2_font_size_phone=\u00a0\u00bb20px\u00a0\u00bb header_2_font_size_last_edited=\u00a0\u00bbon|phone\u00a0\u00bb locked=\u00a0\u00bboff\u00a0\u00bb global_colors_info=\u00a0\u00bb{}\u00a0\u00bb]<\/p>\n<h3><span>Si vous voulez transformer votre curiosit\u00e9 en plaisir, d\u00e9fier vos sens et partager votre passion pour le bon go\u00fbt, ce mouvement est le v\u00f4tre.<\/span><\/h3>\n<p>[\/et_pb_text][\/et_pb_column][et_pb_column type=\u00a0\u00bb1_2&Prime; _builder_version=\u00a0\u00bb4.17.0&Prime; _module_preset=\u00a0\u00bbdefault\u00a0\u00bb global_colors_info=\u00a0\u00bb{}\u00a0\u00bb][\/et_pb_column][\/et_pb_row][\/et_pb_section][et_pb_section fb_built=\u00a0\u00bb1&Prime; _builder_version=\u00a0\u00bb4.17.0&Prime; _module_preset=\u00a0\u00bbdefault\u00a0\u00bb custom_margin=\u00a0\u00bb||360px|||\u00a0\u00bb global_colors_info=\u00a0\u00bb{}\u00a0\u00bb][et_pb_row _builder_version=\u00a0\u00bb4.17.0&Prime; _module_preset=\u00a0\u00bbdefault\u00a0\u00bb custom_padding=\u00a0\u00bb6px|||||\u00a0\u00bb global_colors_info=\u00a0\u00bb{}\u00a0\u00bb][et_pb_column type=\u00a0\u00bb4_4&Prime; _builder_version=\u00a0\u00bb4.17.0&Prime; _module_preset=\u00a0\u00bbdefault\u00a0\u00bb global_colors_info=\u00a0\u00bb{}\u00a0\u00bb][et_pb_text _builder_version=\u00a0\u00bb4.17.0&Prime; _module_preset=\u00a0\u00bbdefault\u00a0\u00bb hover_enabled=\u00a0\u00bb0&Prime; global_colors_info=\u00a0\u00bb{}\u00a0\u00bb sticky_enabled=\u00a0\u00bb0&Prime;]<\/p>\n<p><span><!-- EventON Calendar --><div id='evcal_calendar_518' class='ajde_evcal_calendar boxy color tbg1 boxstyle1 box_3 ajax_loading_cal' ><div id='evcal_head' class='calendar_header ' ><div class='evo_cal_above'><span class='evo-gototoday-btn' style='display:none' data-mo='5' data-yr='2024' data-dy=''>Current Month<\/span><span class='evo-filter-btn'><\/span><span class='evo-sort-btn'><div class='eventon_sort_line' style='display:none'><p data-val='sort_date' data-type='date' class='evs_btn evs_hide' >Date<\/p><p data-val='sort_posted' data-type='posted' class='evs_btn ' >Post Date<\/p><\/div><\/span><\/div><div class='evo_cal_above_content'><\/div><p id='evcal_cur' class='evo_month_title'> mai, 2024<\/p><p class='evo_arrows'><span id='evcal_prev' class='evcal_arrows evcal_btn_prev' ><\/span><span id='evcal_next' class='evcal_arrows evo_arrow_next evcal_btn_next' ><\/span><\/p><div class='clear'><\/div><\/div><div class='eventon_sorting_section' style='display:none'><div class='eventon_filter_line '><div class='eventon_filter evo_sortOpt evo_sortList_event_type' data-filter_field='event_type' data-filter_val='all' data-filter_type='tax' data-fl_o='IN'>\n\t\t\t\t\t\t\t\t<p class='filtering_set_val'>Type d&#039;\u00e9v\u00e9nement<\/p>\n\t\t\t\t\t\t\t\t<div class='eventon_filter_dropdown' style='display:none'><p class='select all' data-filter_val='all'>All<\/p><p class='select event_type_199 bodega ' data-filter_val='199' data-filter_slug='bodega'>Bodega<\/p><p class='select event_type_174 brunch ' data-filter_val='174' data-filter_slug='brunch'>Brunch<\/p><p class='select event_type_118 cata ' data-filter_val='118' data-filter_slug='cata'>D\u00e9gustation<\/p><p class='select event_type_200 cata-de-vino ' data-filter_val='200' data-filter_slug='cata-de-vino'>D\u00e9gustation de vins<\/p><p class='select event_type_206 cava ' data-filter_val='206' data-filter_slug='cava'>Cava<\/p><p class='select event_type_137 cena ' data-filter_val='137' data-filter_slug='cena'>D\u00eener<\/p><p class='select event_type_175 cocteleria ' data-filter_val='175' data-filter_slug='cocteleria'>Bar \u00e0 cocktails<\/p><p class='select event_type_123 debates-y-mesa-redonda ' data-filter_val='123' data-filter_slug='debates-y-mesa-redonda'>Discussions et table ronde<\/p><p class='select event_type_129 experiencias-gastronomicas ' data-filter_val='129' data-filter_slug='experiencias-gastronomicas'>Exp\u00e9riences gastronomiques<\/p><p class='select event_type_120 masterclass-y-talleres ' data-filter_val='120' data-filter_slug='masterclass-y-talleres'>Cours de ma\u00eetre et ateliers<\/p><p class='select event_type_138 menu ' data-filter_val='138' data-filter_slug='menu'>Menu<\/p><p class='select event_type_128 menu-4-manos ' data-filter_val='128' data-filter_slug='menu-4-manos'>Menu 4 mains<\/p><p class='select event_type_163 menu-maridaje ' data-filter_val='163' data-filter_slug='menu-maridaje'>Menu d&#039;appariement<\/p><p class='select event_type_227 merienda ' data-filter_val='227' data-filter_slug='merienda'>Merienda<\/p><p class='select event_type_173 showcooking ' data-filter_val='173' data-filter_slug='showcooking'>Showcooking<\/p><p class='select event_type_225 vinos ' data-filter_val='225' data-filter_slug='vinos'>Vinos<\/p><p class='select event_type_126 visita ' data-filter_val='126' data-filter_slug='visita'>Visiter<\/p><p class='select event_type_139 visita-y-comida ' data-filter_val='139' data-filter_slug='visita-y-comida'>Visite et d\u00e9jeuner<\/p><p class='select event_type_205 yate ' data-filter_val='205' data-filter_slug='yate'>Yacht<\/p><\/div>\t\n\t\t\t\t\t\t\t<div class='clear'><\/div>\n\t\t\t\t\t\t<\/div><div class='eventon_filter evo_sortOpt evo_sortList_event_location' data-filter_field='event_location' data-filter_val='all' data-filter_type='tax' data-fl_o='IN'>\n\t\t\t\t\t\t\t\t<p class='filtering_set_val'>Lieu de l&#039;\u00e9v\u00e9nement<\/p>\n\t\t\t\t\t\t\t\t<div class='eventon_filter_dropdown' style='display:none'><p class='select all' data-filter_val='all'>All<\/p><p class='select event_location_185 arrels-resturante ' data-filter_val='185' data-filter_slug='arrels-resturante'>Arrels Resturante<\/p><p class='select event_location_119 bodega-casa-montana ' data-filter_val='119' data-filter_slug='bodega-casa-montana'>Bodega Casa Monta\u00f1a<\/p><p class='select event_location_161 casino-cirsa-valencia ' data-filter_val='161' data-filter_slug='casino-cirsa-valencia'>Casino Cirsa Valencia<\/p><p class='select event_location_215 el-palmar-valencia ' data-filter_val='215' data-filter_slug='el-palmar-valencia'>El Palmar, Valencia<\/p><p class='select event_location_141 el-poblet ' data-filter_val='141' data-filter_slug='el-poblet'>El Poblet<\/p><p class='select event_location_189 hospes-palau-de-la-mar ' data-filter_val='189' data-filter_slug='hospes-palau-de-la-mar'>Hospes Palau de la Mar<\/p><p class='select event_location_168 hotel-las-arenas ' data-filter_val='168' data-filter_slug='hotel-las-arenas'>Hotel Las Arenas<\/p><p class='select event_location_170 hotel-only-you-valencia ' data-filter_val='170' data-filter_slug='hotel-only-you-valencia'>Hotel Only You Valencia<\/p><p class='select event_location_214 huerta-de-meliana ' data-filter_val='214' data-filter_slug='huerta-de-meliana'>HUERTA DE MELIANA<\/p><p class='select event_location_172 la-albufera-de-valencia ' data-filter_val='172' data-filter_slug='la-albufera-de-valencia'>La Albufera de Valencia<\/p><p class='select event_location_167 la-galiana-golf-resort ' data-filter_val='167' data-filter_slug='la-galiana-golf-resort'>La Galiana Golf Resort<\/p><p class='select event_location_204 la-marina-de-valencia ' data-filter_val='204' data-filter_slug='la-marina-de-valencia'>La Marina de Valencia<\/p><p class='select event_location_176 lladro-lounge-palacio-vallier ' data-filter_val='176' data-filter_slug='lladro-lounge-palacio-vallier'>Lladr\u00f3 Lounge. Palacio Vallier<\/p><p class='select event_location_226 llisa-negra ' data-filter_val='226' data-filter_slug='llisa-negra'>LLISA NEGRA<\/p><p class='select event_location_178 ma-khin-cafe ' data-filter_val='178' data-filter_slug='ma-khin-cafe'>Ma Khin Caf\u00e9<\/p><p class='select event_location_125 mercado-central-valencia ' data-filter_val='125' data-filter_slug='mercado-central-valencia'>Mercado Central Valencia<\/p><p class='select event_location_166 nozomi-sushi-bar ' data-filter_val='166' data-filter_slug='nozomi-sushi-bar'>Nozomi Sushi Bar<\/p><p class='select event_location_162 palacio-vallier ' data-filter_val='162' data-filter_slug='palacio-vallier'>Palacio Vallier<\/p><p class='select event_location_211 pop-up-riff ' data-filter_val='211' data-filter_slug='pop-up-riff'>POP UP RIFF<\/p><p class='select event_location_132 restaurante-alma-del-temple ' data-filter_val='132' data-filter_slug='restaurante-alma-del-temple'>Restaurante Alma del Temple<\/p><p class='select event_location_133 restaurante-apicius ' data-filter_val='133' data-filter_slug='restaurante-apicius'>Restaurante Apicius<\/p><p class='select event_location_136 restaurante-riff ' data-filter_val='136' data-filter_slug='restaurante-riff'>Restaurante RIFF<\/p><p class='select event_location_190 restaurante-vertical ' data-filter_val='190' data-filter_slug='restaurante-vertical'>Restaurante Vertical<\/p><p class='select event_location_144 sh-valencia-palace ' data-filter_val='144' data-filter_slug='sh-valencia-palace'>SH VALENCIA PALACE<\/p><p class='select event_location_177 the-westin-valencia ' data-filter_val='177' data-filter_slug='the-westin-valencia'>The Westin Valencia<\/p><p class='select event_location_145 veles-e-vents ' data-filter_val='145' data-filter_slug='veles-e-vents'>Veles e Vents<\/p><p class='select event_location_147 villa-indiano ' data-filter_val='147' data-filter_slug='villa-indiano'>Villa Indiano<\/p><\/div>\t\n\t\t\t\t\t\t\t<div class='clear'><\/div>\n\t\t\t\t\t\t<\/div><div class='eventon_filter evo_hideshow_evotag' data-filter_field='event_tag' data-filter_val='all' data-filter_type='tax' >\t\t\t\t\t\t\t\t\n\t\t\t\t\t\t\t\t\n\t\t\t\t\t\t\t\t<div class='eventon_filter_selection'>\n\t\t\t\t\t\t\t\t\t<p class='filtering_set_val' data-opts='evs4_in'>\u00c9tiquette de l&#039;\u00e9v\u00e9nement<\/p>\n\t\t\t\t\t\t\t\t\t<div class='eventon_filter_dropdown evo_hideshow' style='display:none'><p class='select all' data-filter_val='all'>All<\/p><p class='select' data-filter_val='41'>Men\u00fa 4 manos<\/p><p class='select' data-filter_val='76'>restaurante<\/p><p class='select' data-filter_val='88'>valencia culinary festival<\/p><p class='select' data-filter_val='97'>experiencia<\/p><p class='select' data-filter_val='117'>Cata<\/p><p class='select' data-filter_val='121'>Taller de cocina<\/p><p class='select' data-filter_val='124'>Debate<\/p><p class='select' data-filter_val='127'>Insp\u00edrate<\/p><p class='select' data-filter_val='134'>Men\u00fa<\/p><p class='select' data-filter_val='149'>cocteler\u00eda<\/p><p class='select' data-filter_val='151'>Taller<\/p><p class='select' data-filter_val='152'>Para ni\u00f1os<\/p><p class='select' data-filter_val='153'>Estrella Michel\u00edn<\/p><p class='select' data-filter_val='154'>Mesa Redonda<\/p><p class='select' data-filter_val='155'>Productores<\/p><p class='select' data-filter_val='156'>Masterclass<\/p><p class='select' data-filter_val='157'>Degustaci\u00f3n<\/p><p class='select' data-filter_val='158'>Visita<\/p><p class='select' data-filter_val='164'>Men\u00fa maridaje<\/p><p class='select' data-filter_val='171'>Cena maridada<\/p><p class='select' data-filter_val='179'>Visita guiada<\/p><p class='select' data-filter_val='180'>Experiencia gastron\u00f3mica<\/p><p class='select' data-filter_val='181'>Men\u00fa degustaci\u00f3n<\/p><p class='select' data-filter_val='182'>Productos locales<\/p><p class='select' data-filter_val='183'>Km 0<\/p><p class='select' data-filter_val='184'>Productos de temporada<\/p><p class='select' data-filter_val='186'>Maridaje<\/p><p class='select' data-filter_val='187'>vinos<\/p><p class='select' data-filter_val='188'>showcooking<\/p><p class='select' data-filter_val='201'>Apicius<\/p><p class='select' data-filter_val='202'>Bodegas Enguera<\/p><p class='select' data-filter_val='203'>Cena<\/p><p class='select' data-filter_val='207'>las arenas<\/p><p class='select' data-filter_val='208'>tori itto<\/p><p class='select' data-filter_val='209'>sakes<\/p><p class='select' data-filter_val='210'>sushi<\/p><p class='select' data-filter_val='228'>merienda<\/p><p class='select' data-filter_val='229'>cava<\/p><p class='select' data-filter_val='230'>dulce<\/p><\/div>\n\t\t\t\t\t\t\t\t<\/div><div class='clear'><\/div>\n\t\t\t\t\t\t\t<\/div><\/div><div class='clear'><\/div><\/div><div id='eventon_loadbar_section'><div id='eventon_loadbar'><\/div><\/div><div class='evo_ajax_load_events'><span><\/span><span><\/span><span><\/span><\/div><!-- Events List --><div id='evcal_list' \r\n\t\t\t\t\tclass='eventon_events_list '>\t\t\t<div class='clear'><\/div>\r\n\t\t\t<\/div>\r\n\t\t\t<div class='clear'><\/div>\r\n\t\t\t\t\t \t<div id='evcal_footer' class='evo_bottom' style='display:none'>\r\n\t\t \t\t<div class='evo_cal_data'  data-sc='{\"accord\":\"no\",\"bottom_nav\":\"no\",\"cal_id\":\"\",\"cal_init_nonajax\":\"no\",\"calendar_type\":\"default\",\"ep_fields\":\"\",\"etc_override\":\"no\",\"evc_open\":\"no\",\"event_count\":0,\"event_location\":\"all\",\"event_order\":\"ASC\",\"event_organizer\":\"all\",\"event_parts\":\"no\",\"event_past_future\":\"all\",\"event_status\":\"all\",\"event_tag\":\"all\",\"event_type\":\"all\",\"event_type_2\":\"all\",\"event_type_3\":\"all\",\"event_type_4\":\"all\",\"event_type_5\":\"all\",\"event_virtual\":\"all\",\"eventtop_date_style\":0,\"eventtop_style\":\"2\",\"exp_jumper\":\"no\",\"exp_so\":\"no\",\"filter_relationship\":\"AND\",\"filter_show_set_only\":\"no\",\"filter_type\":\"default\",\"filters\":\"yes\",\"fixed_month\":\"5\",\"fixed_year\":\"2024\",\"focus_end_date_range\":\"1717199999\",\"focus_start_date_range\":\"1714521600\",\"ft_event_priority\":\"no\",\"hide_arrows\":\"no\",\"hide_cancels\":\"no\",\"hide_empty_months\":\"no\",\"hide_end_time\":\"no\",\"hide_et_dn\":\"no\",\"hide_et_extra\":\"no\",\"hide_et_tags\":\"no\",\"hide_et_tl\":\"no\",\"hide_ft\":\"no\",\"hide_ft_img\":\"no\",\"hide_month_headers\":\"no\",\"hide_mult_occur\":\"no\",\"hide_past\":\"no\",\"hide_past_by\":\"ee\",\"hide_so\":\"no\",\"ics\":\"no\",\"jumper\":\"no\",\"jumper_count\":5,\"jumper_offset\":\"0\",\"lang\":\"L3\",\"layout_changer\":\"no\",\"livenow_bar\":\"yes\",\"mapformat\":\"roadmap\",\"mapiconurl\":\"\",\"maps_load\":\"yes\",\"mapscroll\":\"true\",\"mapzoom\":\"18\",\"members_only\":\"no\",\"ml_priority\":\"no\",\"month_incre\":0,\"number_of_months\":\"1\",\"only_ft\":\"no\",\"pec\":\"\",\"s\":\"\",\"search\":\"\",\"search_all\":\"no\",\"sep_month\":\"no\",\"show_et_ft_img\":\"no\",\"show_limit\":\"no\",\"show_limit_ajax\":\"no\",\"show_limit_paged\":1,\"show_limit_redir\":\"\",\"show_repeats\":\"no\",\"show_upcoming\":0,\"show_year\":\"no\",\"social_share\":\"no\",\"sort_by\":\"sort_date\",\"tile_bg\":\"1\",\"tile_bg_size\":\"full\",\"tile_count\":\"3\",\"tile_height\":0,\"tile_style\":\"1\",\"tiles\":\"yes\",\"ux_val\":\"0\",\"view_switcher\":\"no\",\"wpml_l1\":\"\",\"wpml_l2\":\"\",\"wpml_l3\":\"\",\"yl_priority\":\"no\",\"fixed_day\":\"6\",\"_cver\":\"4.0.6\"}' data-od='{\"lang_no_events\":\"Pas d'\\u00e9v\\u00e9nements\"}'><\/div>\r\n\t\t \t\t<div class='evo_cal_events' data-events=\"\"><\/div>\r\n\t\t \t<\/div>\r\n\t\t\t\t\r\n\t\t\t\r\n\t\t\t\t\t\t<\/div><!-- EventON End -->\r\n\t\t\t<\/span><\/p>\n<p>[\/et_pb_text][\/et_pb_column][\/et_pb_row][\/et_pb_section]<\/p>\n","protected":false},"excerpt":{"rendered":"<p>PROGRAMME VALENCE CULINAIRE FESTIVAL 2024 Si vous voulez transformer votre curiosit\u00e9 en plaisir, d\u00e9fier vos sens et partager votre passion pour le bon go\u00fbt, ce mouvement est le v\u00f4tre.PROGRAMME VALENCE CULINAIRE FESTIVAL 2024 Si vous voulez transformer votre curiosit\u00e9 en plaisir, d\u00e9fier vos sens et partager votre passion pour le bon go\u00fbt, ce mouvement est [&hellip;]<\/p>\n","protected":false},"author":1,"featured_media":0,"parent":0,"menu_order":0,"comment_status":"closed","ping_status":"closed","template":"","meta":{"_et_pb_use_builder":"on","_et_pb_old_content":"","_et_gb_content_width":"","footnotes":""},"class_list":["post-8333","page","type-page","status-publish","hentry"],"_links":{"self":[{"href":"https:\/\/www.valenciaculinaryfestival.es\/fr\/wp-json\/wp\/v2\/pages\/8333","targetHints":{"allow":["GET"]}}],"collection":[{"href":"https:\/\/www.valenciaculinaryfestival.es\/fr\/wp-json\/wp\/v2\/pages"}],"about":[{"href":"https:\/\/www.valenciaculinaryfestival.es\/fr\/wp-json\/wp\/v2\/types\/page"}],"author":[{"embeddable":true,"href":"https:\/\/www.valenciaculinaryfestival.es\/fr\/wp-json\/wp\/v2\/users\/1"}],"replies":[{"embeddable":true,"href":"https:\/\/www.valenciaculinaryfestival.es\/fr\/wp-json\/wp\/v2\/comments?post=8333"}],"version-history":[{"count":8,"href":"https:\/\/www.valenciaculinaryfestival.es\/fr\/wp-json\/wp\/v2\/pages\/8333\/revisions"}],"predecessor-version":[{"id":9451,"href":"https:\/\/www.valenciaculinaryfestival.es\/fr\/wp-json\/wp\/v2\/pages\/8333\/revisions\/9451"}],"wp:attachment":[{"href":"https:\/\/www.valenciaculinaryfestival.es\/fr\/wp-json\/wp\/v2\/media?parent=8333"}],"curies":[{"name":"wp","href":"https:\/\/api.w.org\/{rel}","templated":true}]}}